{"id":2218,"date":"2026-01-23T10:11:51","date_gmt":"2026-01-23T09:11:51","guid":{"rendered":"https:\/\/blindenzentrum.dream-site.net\/?page_id=2218"},"modified":"2026-01-23T10:17:26","modified_gmt":"2026-01-23T09:17:26","slug":"sprich-damit-ich-dich-sehe","status":"publish","type":"page","link":"https:\/\/blindenzentrum.dream-site.net\/it\/assistenza-supporto\/pubblicazioni-progetti\/sprich-damit-ich-dich-sehe\/","title":{"rendered":"Sprich, damit ich dich sehe"},"content":{"rendered":"\t\t<div data-elementor-type=\"wp-page\" data-elementor-id=\"2218\" class=\"elementor elementor-2218\" data-elementor-post-type=\"page\">\n\t\t\t\t<div class=\"elementor-element elementor-element-6302ba02 inhaltsangabe e-flex e-con-boxed e-con e-parent\" data-id=\"6302ba02\" data-element_type=\"container\" data-e-type=\"container\" data-settings=\"{&quot;background_background&quot;:&quot;classic&quot;}\">\n\t\t\t\t\t<div class=\"e-con-inner\">\n\t\t\t\t<div class=\"elementor-element elementor-element-6f91d5fb elementor-widget elementor-widget-heading\" data-id=\"6f91d5fb\" data-element_type=\"widget\" data-e-type=\"widget\" id=\"content-main\" data-settings=\"{&quot;ekit_we_effect_on&quot;:&quot;none&quot;}\" tabindex=\"-1\" data-widget_type=\"heading.default\">\n\t\t\t\t\t<h3 class=\"elementor-heading-title elementor-size-default\">Inhaltsangabe<\/h3>\t\t\t\t<\/div>\n\t\t\t\t<div class=\"elementor-element elementor-element-26c66ac1 e-n-menu-none e-full_width e-n-menu-layout-horizontal elementor-widget elementor-widget-n-menu\" data-id=\"26c66ac1\" data-element_type=\"widget\" data-e-type=\"widget\" data-settings=\"{&quot;menu_items&quot;:[{&quot;item_title&quot;:&quot;&quot;,&quot;_id&quot;:&quot;251db83&quot;,&quot;item_link&quot;:{&quot;url&quot;:&quot;#h1&quot;,&quot;is_external&quot;:&quot;&quot;,&quot;nofollow&quot;:&quot;&quot;,&quot;custom_attributes&quot;:&quot;&quot;},&quot;__dynamic__&quot;:{&quot;item_title&quot;:&quot;[elementor-tag id=\\&quot;2b9858e\\&quot; name=\\&quot;page-title\\&quot; settings=\\&quot;%7B%7D\\&quot;]&quot;},&quot;item_dropdown_content&quot;:&quot;no&quot;,&quot;item_icon&quot;:{&quot;value&quot;:&quot;&quot;,&quot;library&quot;:&quot;&quot;},&quot;item_icon_active&quot;:null,&quot;element_id&quot;:&quot;&quot;}],&quot;item_position_horizontal&quot;:&quot;center&quot;,&quot;item_position_horizontal_mobile&quot;:&quot;center&quot;,&quot;breakpoint_selector&quot;:&quot;none&quot;,&quot;content_width&quot;:&quot;full_width&quot;,&quot;item_layout&quot;:&quot;horizontal&quot;,&quot;open_on&quot;:&quot;hover&quot;,&quot;horizontal_scroll&quot;:&quot;disable&quot;,&quot;menu_item_title_distance_from_content&quot;:{&quot;unit&quot;:&quot;px&quot;,&quot;size&quot;:0,&quot;sizes&quot;:[]},&quot;menu_item_title_distance_from_content_tablet&quot;:{&quot;unit&quot;:&quot;px&quot;,&quot;size&quot;:&quot;&quot;,&quot;sizes&quot;:[]},&quot;menu_item_title_distance_from_content_mobile&quot;:{&quot;unit&quot;:&quot;px&quot;,&quot;size&quot;:&quot;&quot;,&quot;sizes&quot;:[]},&quot;ekit_we_effect_on&quot;:&quot;none&quot;}\" data-widget_type=\"mega-menu.default\">\n\t\t\t\t\t\t\t<nav class=\"e-n-menu\" data-widget-number=\"650\" aria-label=\"Menu\">\n\t\t\t\t\t<button class=\"e-n-menu-toggle\" id=\"menu-toggle-650\" aria-haspopup=\"true\" aria-expanded=\"false\" aria-controls=\"menubar-650\" aria-label=\"Menu Toggle\">\n\t\t\t<span class=\"e-n-menu-toggle-icon e-open\">\n\t\t\t\t<svg class=\"e-font-icon-svg e-eicon-menu-bar\" viewBox=\"0 0 1000 1000\" xmlns=\"http:\/\/www.w3.org\/2000\/svg\"><path d=\"M104 333H896C929 333 958 304 958 271S929 208 896 208H104C71 208 42 237 42 271S71 333 104 333ZM104 583H896C929 583 958 554 958 521S929 458 896 458H104C71 458 42 487 42 521S71 583 104 583ZM104 833H896C929 833 958 804 958 771S929 708 896 708H104C71 708 42 737 42 771S71 833 104 833Z\"><\/path><\/svg>\t\t\t<\/span>\n\t\t\t<span class=\"e-n-menu-toggle-icon e-close\">\n\t\t\t\t<svg class=\"e-font-icon-svg e-eicon-close\" viewBox=\"0 0 1000 1000\" xmlns=\"http:\/\/www.w3.org\/2000\/svg\"><path d=\"M742 167L500 408 258 167C246 154 233 150 217 150 196 150 179 158 167 167 154 179 150 196 150 212 150 229 154 242 171 254L408 500 167 742C138 771 138 800 167 829 196 858 225 858 254 829L496 587 738 829C750 842 767 846 783 846 800 846 817 842 829 829 842 817 846 804 846 783 846 767 842 750 829 737L588 500 833 258C863 229 863 200 833 171 804 137 775 137 742 167Z\"><\/path><\/svg>\t\t\t<\/span>\n\t\t<\/button>\n\t\t\t\t\t<div class=\"e-n-menu-wrapper\" id=\"menubar-650\" aria-labelledby=\"menu-toggle-650\">\n\t\t\t\t<ul class=\"e-n-menu-heading\">\n\t\t\t\t\t\t\t\t<li class=\"e-n-menu-item\">\n\t\t\t\t<div id=\"e-n-menu-title-6501\" class=\"e-n-menu-title e-anchor\">\n\t\t\t\t\t<a class=\"e-n-menu-title-container e-focus e-link\" href=\"#h1\" aria-current=\"page\">\t\t\t\t\t\t\t\t\t\t\t\t<span class=\"e-n-menu-title-text\">\n\t\t\t\t\t\t\t\t\t\t\t\t\t<\/span>\n\t\t\t\t\t<\/a>\t\t\t\t\t\t\t\t\t<\/div>\n\t\t\t\t\t\t\t<\/li>\n\t\t\t\t\t\t<\/ul>\n\t\t\t<\/div>\n\t\t<\/nav>\n\t\t\t\t\t\t<\/div>\n\t\t\t\t\t<\/div>\n\t\t\t\t<\/div>\n\t\t<div class=\"elementor-element elementor-element-578c898 e-flex e-con-boxed e-con e-parent\" data-id=\"578c898\" data-element_type=\"container\" data-e-type=\"container\" id=\"verwaltung\">\n\t\t\t\t\t<div class=\"e-con-inner\">\n\t\t<div class=\"elementor-element elementor-element-6d80e6f6 e-con-full e-flex e-con e-child\" data-id=\"6d80e6f6\" data-element_type=\"container\" data-e-type=\"container\">\n\t\t\t\t<div class=\"elementor-element elementor-element-6cc7721 elementor-widget elementor-widget-heading\" data-id=\"6cc7721\" data-element_type=\"widget\" data-e-type=\"widget\" data-settings=\"{&quot;ekit_we_effect_on&quot;:&quot;none&quot;}\" data-widget_type=\"heading.default\">\n\t\t\t\t\t<h3 class=\"elementor-heading-title elementor-size-default\">Nikolaus Fischnaller<\/h3>\t\t\t\t<\/div>\n\t\t\t\t<div class=\"elementor-element elementor-element-45d0e68a elementor-widget elementor-widget-text-editor\" data-id=\"45d0e68a\" data-element_type=\"widget\" data-e-type=\"widget\" data-settings=\"{&quot;ekit_we_effect_on&quot;:&quot;none&quot;}\" data-widget_type=\"text-editor.default\">\n\t\t\t\t\t\t\t\t\t<p>Was geschieht, wenn Blinde oder Sehgesch\u00e4digte auf Sehende treffen und umgekehrt? Dieser Frage geht der erblindete Autor Nikolaus Fischnaller in diesem Buch nach. Anhand von Geschichten, die er selbst erlebt hat oder die ihm von anderen Betroffenen \u00fcbermittelt wurden, schildert er anschaulich das komplexe Beziehungsgeflecht zwischen Sehenden und Nichtsehenden oder Sehgesch\u00e4digten. Anekdotenhaft, meist humorvoll und mit einer Brise Selbstironie gew\u00fcrzt, berichtet er aus einem Erfahrungsschatz, den er selbst \u00fcber ein halbes Jahrhundert lang gesammelt hat.<br \/>Das Buch richtet sich in gleichem Ma\u00dfe an Sehende wie Nichtsehende. Es schafft Kommunikationsbr\u00fccken, hilft Hemmschwellen abzubauen und dient als Informationsquelle f\u00fcr Menschen, die aus famili\u00e4ren und beruflichen Gr\u00fcnden mit Blinden zu tun haben.<br \/>Die Texte enthalten ein sehr breites Spektrum an Wissen \u00fcber Verhaltensweisen, die sich im Zuge der Begegnung zwischen Menschen mit verschiedenen Ausgangssituationen ergeben.<br \/>\u201eSprich, damit ich dich sehe!\u201c ist gleichzeitig auch ein Aufruf, auf sehbehinderte Menschen zuzugehen.<\/p>\t\t\t\t\t\t\t\t<\/div>\n\t\t\t\t<\/div>\n\t\t\t\t\t<\/div>\n\t\t\t\t<\/div>\n\t\t\t\t<\/div>\n\t\t","protected":false},"excerpt":{"rendered":"<p>Inhaltsangabe Nikolaus Fischnaller Was geschieht, wenn Blinde oder Sehgesch\u00e4digte auf Sehende treffen und umgekehrt? Dieser Frage geht der erblindete Autor Nikolaus Fischnaller in diesem Buch nach. Anhand von Geschichten, die er selbst erlebt hat oder die ihm von anderen Betroffenen \u00fcbermittelt wurden, schildert er anschaulich das komplexe Beziehungsgeflecht zwischen Sehenden und Nichtsehenden oder Sehgesch\u00e4digten. Anekdotenhaft, [&hellip;]<\/p>\n","protected":false},"author":1,"featured_media":0,"parent":778,"menu_order":0,"comment_status":"closed","ping_status":"closed","template":"","meta":{"footnotes":""},"class_list":["post-2218","page","type-page","status-publish","hentry"],"_links":{"self":[{"href":"https:\/\/blindenzentrum.dream-site.net\/it\/wp-json\/wp\/v2\/pages\/2218","targetHints":{"allow":["GET"]}}],"collection":[{"href":"https:\/\/blindenzentrum.dream-site.net\/it\/wp-json\/wp\/v2\/pages"}],"about":[{"href":"https:\/\/blindenzentrum.dream-site.net\/it\/wp-json\/wp\/v2\/types\/page"}],"author":[{"embeddable":true,"href":"https:\/\/blindenzentrum.dream-site.net\/it\/wp-json\/wp\/v2\/users\/1"}],"replies":[{"embeddable":true,"href":"https:\/\/blindenzentrum.dream-site.net\/it\/wp-json\/wp\/v2\/comments?post=2218"}],"version-history":[{"count":4,"href":"https:\/\/blindenzentrum.dream-site.net\/it\/wp-json\/wp\/v2\/pages\/2218\/revisions"}],"predecessor-version":[{"id":2223,"href":"https:\/\/blindenzentrum.dream-site.net\/it\/wp-json\/wp\/v2\/pages\/2218\/revisions\/2223"}],"up":[{"embeddable":true,"href":"https:\/\/blindenzentrum.dream-site.net\/it\/wp-json\/wp\/v2\/pages\/778"}],"wp:attachment":[{"href":"https:\/\/blindenzentrum.dream-site.net\/it\/wp-json\/wp\/v2\/media?parent=2218"}],"curies":[{"name":"wp","href":"https:\/\/api.w.org\/{rel}","templated":true}]}}